{"id":1325,"date":"2022-12-27T08:40:11","date_gmt":"2022-12-27T08:40:11","guid":{"rendered":"https:\/\/ciepplatform.eu\/descubra\/"},"modified":"2024-11-29T12:55:49","modified_gmt":"2024-11-29T12:55:49","slug":"descubre","status":"publish","type":"page","link":"https:\/\/ciepplatform.eu\/es\/descubre\/","title":{"rendered":"Descubre"},"content":{"rendered":"\n<section class=\"wpb-header wpb-header__subpage wpb-whitespace__medium has_background-image wpb-width__standard wpb-block_45feef604589764559bd1aa643489c9a\" id=\"wpb-block_45feef604589764559bd1aa643489c9a\" style=\"background: url(https:\/\/ciepplatform.eu\/wp-content\/uploads\/2023\/04\/Header-over-ons.webp) no-repeat center\/cover;\">\n    <div class=\"container\">\n        <div class=\"inner\">\n            <div class=\"text\">\n                                    <h1 style=\"text-align: center;\">Descubre<\/h1>\n                 \n            <\/div>      \n        <\/div>\n    <\/div>\n<\/section>\n\n\n<section class=\"wpb-text wpb-whitespace__medium wpb-bg-color__transparent wpb-width__medium text-align__left wpb-block_5c617df9a123c804bef6344faa40f963\" id=\"wpb-block_5c617df9a123c804bef6344faa40f963\">\n    <div class=\"container\">\n        <div class=\"inner\">            \n            <div class=\"text\">\n                                                        <p>\u00bfSabes c\u00f3mo inspirar a los j\u00f3venes para que se conviertan en innovadores clim\u00e1ticos? Entonces \u00fanete a nosotros. Como experto en educaci\u00f3n, tu pasi\u00f3n es inspirar a los j\u00f3venes para que marquen la diferencia. En el campo de la sostenibilidad, la oferta es enorme. Es dif\u00edcil encontrar los \u00e1rboles adecuados en el bosque. Esta plataforma te va a ayudar. Si no es as\u00ed, nos encantar\u00eda que nos contaras algo que nos inspire para seguir mejorando.<\/p>\n                \n                                \n            <\/div>\n                    <\/div>\n    <\/div>\n<\/section>\n\n\n<section class=\"wpb-text wpb-whitespace__none wpb-bg-color__transparent wpb-width__medium text-align__left wpb-block_d3343f12d708650385657311317f4fcd\" id=\"wpb-block_d3343f12d708650385657311317f4fcd\">\n    <div class=\"container\">\n        <div class=\"inner\">            \n            <div class=\"text\">\n                                                \n                        <div class=\"badge-group\">\n                            <span class=\"badge badge-primary\">\n                                 Explicaci\u00f3n sobre la plataforma                            <\/span>\n                        <\/div>\n                                        <pre id=\"tw-target-text\" class=\"tw-data-text tw-text-large tw-ta\" dir=\"ltr\" data-placeholder=\"Vertaling\" data-ved=\"2ahUKEwjapv7q1e6EAxU6hP0HHVbwBQQQ3ewLegQIBRAU\"><span class=\"Y2IQFc\" lang=\"es\">Explicamos c\u00f3mo funciona la plataforma en varios v\u00eddeos. Si prefiere leer, haga <a href=\"https:\/\/ciepplatform.eu\/wp-content\/uploads\/2024\/11\/Handbook-for-teachers-ES-version.pdf\" target=\"_blank\" rel=\"noopener\">clic aqu\u00ed para obtener el manual de usuario<\/a>.<\/span><\/pre>\n<p>&nbsp;<\/p>\n                \n                                \n            <\/div>\n                    <\/div>\n    <\/div>\n<\/section>\n\n\n<section class=\"wpb-youtube wpb-whitespace__none wpb-bg-color__transparent wpb-width__small wpb-align-y__top wpb-block_7287f47fcde2c14e8a874dd3348b41f2\" id=\"wpb-block_7287f47fcde2c14e8a874dd3348b41f2\">\n    <div class=\"container\">\n        <div class=\"inner\">    \n                    \n                <div class=\"text\">\n                    <p>&nbsp;<\/p>\n<p>Welkom<\/p>\n                <\/div>\n                                        <div class=\"wpb-ratio wpb-ratio-16x9\">\n                    <iframe src=\"https:\/\/www.youtube.com\/embed\/HNsPdzbyi7w\" title=\"YouTube video player\" frameborder=\"0\" allow=\"accelerometer; autoplay; clipboard-write; encrypted-media; gyroscope; picture-in-picture\" allowfullscreen><\/iframe>\n                <\/div>\n                            \n        <\/div>\n    <\/div>\n<\/section>\n\n\n<section class=\"wpb-youtube wpb-whitespace__none wpb-bg-color__transparent wpb-width__small wpb-align-y__top wpb-block_93ce71f2adcb49be12cb2b35edc986f7\" id=\"wpb-block_93ce71f2adcb49be12cb2b35edc986f7\">\n    <div class=\"container\">\n        <div class=\"inner\">    \n                    \n                <div class=\"text\">\n                    <p>&nbsp;<\/p>\n<p>\u00bfC\u00f3mo funciona la gu\u00eda de formaci\u00f3n?<\/p>\n                <\/div>\n                                        <div class=\"wpb-ratio wpb-ratio-16x9\">\n                    <iframe src=\"https:\/\/www.youtube.com\/embed\/bOKhbACL9NA\" title=\"YouTube video player\" frameborder=\"0\" allow=\"accelerometer; autoplay; clipboard-write; encrypted-media; gyroscope; picture-in-picture\" allowfullscreen><\/iframe>\n                <\/div>\n                            \n        <\/div>\n    <\/div>\n<\/section>\n\n\n<section class=\"wpb-youtube wpb-whitespace__none wpb-bg-color__transparent wpb-width__small wpb-align-y__top wpb-block_5c12cd309afc2504df184f923c2bb555\" id=\"wpb-block_5c12cd309afc2504df184f923c2bb555\">\n    <div class=\"container\">\n        <div class=\"inner\">    \n                    \n                <div class=\"text\">\n                    <p>&nbsp;<\/p>\n<p>\u00bfC\u00f3mo funciona la gu\u00eda del entrenador?<\/p>\n                <\/div>\n                                        <div class=\"wpb-ratio wpb-ratio-16x9\">\n                    <iframe src=\"https:\/\/www.youtube.com\/embed\/oIkPXiTTJoo\" title=\"YouTube video player\" frameborder=\"0\" allow=\"accelerometer; autoplay; clipboard-write; encrypted-media; gyroscope; picture-in-picture\" allowfullscreen><\/iframe>\n                <\/div>\n                            \n        <\/div>\n    <\/div>\n<\/section>\n\n\n<section class=\"wpb-youtube wpb-whitespace__none wpb-bg-color__transparent wpb-width__small wpb-align-y__top wpb-block_9a5a0e062354e700e54af66ab2347986\" id=\"wpb-block_9a5a0e062354e700e54af66ab2347986\">\n    <div class=\"container\">\n        <div class=\"inner\">    \n                    \n                <div class=\"text\">\n                    <p>&nbsp;<\/p>\n<pre id=\"tw-target-text\" class=\"tw-data-text tw-text-large tw-ta\" dir=\"ltr\" data-placeholder=\"Vertaling\" data-ved=\"2ahUKEwjapv7q1e6EAxU6hP0HHVbwBQQQ3ewLegQIBRAU\"><span class=\"Y2IQFc\" lang=\"es\">Proveedores de curr\u00edculo de educacion primaria<\/span><\/pre>\n<p>&nbsp;<\/p>\n                <\/div>\n                                        <div class=\"wpb-ratio wpb-ratio-16x9\">\n                    <iframe src=\"https:\/\/www.youtube.com\/embed\/vlXRUjoEp0Y\" title=\"YouTube video player\" frameborder=\"0\" allow=\"accelerometer; autoplay; clipboard-write; encrypted-media; gyroscope; picture-in-picture\" allowfullscreen><\/iframe>\n                <\/div>\n                            \n        <\/div>\n    <\/div>\n<\/section>\n\n\n<section class=\"wpb-youtube wpb-whitespace__none wpb-bg-color__transparent wpb-width__small wpb-align-y__top wpb-block_535a4b76b9e2d61aad980ee5567613d8\" id=\"wpb-block_535a4b76b9e2d61aad980ee5567613d8\">\n    <div class=\"container\">\n        <div class=\"inner\">    \n                    \n                <div class=\"text\">\n                    <p>&nbsp;<\/p>\n<p>Proveedores de curriculo de educacion secundaria<\/p>\n                <\/div>\n                                        \n        <\/div>\n    <\/div>\n<\/section>\n\n\n<section class=\"wpb-youtube wpb-whitespace__none wpb-bg-color__transparent wpb-width__small wpb-align-y__top wpb-block_840e6d650ec4276d63be94a5dacc953d\" id=\"wpb-block_840e6d650ec4276d63be94a5dacc953d\">\n    <div class=\"container\">\n        <div class=\"inner\">    \n                    \n                <div class=\"text\">\n                    <p>&nbsp;<\/p>\n<p>Proveedores de curriculo bacc<\/p>\n                <\/div>\n                                        <div class=\"wpb-ratio wpb-ratio-16x9\">\n                    <iframe src=\"https:\/\/www.youtube.com\/embed\/GkoskdUZL1E\" title=\"YouTube video player\" frameborder=\"0\" allow=\"accelerometer; autoplay; clipboard-write; encrypted-media; gyroscope; picture-in-picture\" allowfullscreen><\/iframe>\n                <\/div>\n                            \n        <\/div>\n    <\/div>\n<\/section>\n\n\n<section class=\"wpb-youtube wpb-whitespace__none wpb-bg-color__transparent wpb-width__small wpb-align-y__top wpb-block_43631c025809d1b7579e059bca069705\" id=\"wpb-block_43631c025809d1b7579e059bca069705\">\n    <div class=\"container\">\n        <div class=\"inner\">    \n                    \n                <div class=\"text\">\n                    <p>&nbsp;<\/p>\n<p>Curriculum para profesores<\/p>\n                <\/div>\n                                        <div class=\"wpb-ratio wpb-ratio-16x9\">\n                    <iframe src=\"https:\/\/www.youtube.com\/embed\/ZUTW0zHAyzQ\" title=\"YouTube video player\" frameborder=\"0\" allow=\"accelerometer; autoplay; clipboard-write; encrypted-media; gyroscope; picture-in-picture\" allowfullscreen><\/iframe>\n                <\/div>\n                            \n        <\/div>\n    <\/div>\n<\/section>\n\n\n<section class=\"wpb-youtube wpb-whitespace__none wpb-bg-color__transparent wpb-width__small wpb-align-y__top wpb-block_6b1284e4bc593313d8cbcbb7c4480ca4\" id=\"wpb-block_6b1284e4bc593313d8cbcbb7c4480ca4\">\n    <div class=\"container\">\n        <div class=\"inner\">    \n                    \n                <div class=\"text\">\n                    <p>&nbsp;<\/p>\n<p>IB<\/p>\n                <\/div>\n                                        <div class=\"wpb-ratio wpb-ratio-16x9\">\n                    <iframe src=\"https:\/\/www.youtube.com\/embed\/xW6pIslTKUw\" title=\"YouTube video player\" frameborder=\"0\" allow=\"accelerometer; autoplay; clipboard-write; encrypted-media; gyroscope; picture-in-picture\" allowfullscreen><\/iframe>\n                <\/div>\n                            \n        <\/div>\n    <\/div>\n<\/section>","protected":false},"excerpt":{"rendered":"","protected":false},"author":1,"featured_media":0,"parent":0,"menu_order":0,"comment_status":"closed","ping_status":"closed","template":"","meta":{"_acf_changed":false,"footnotes":""},"class_list":["post-1325","page","type-page","status-publish","hentry"],"acf":[],"yoast_head":"<!-- This site is optimized with the Yoast SEO plugin v22.1 - https:\/\/yoast.com\/wordpress\/plugins\/seo\/ -->\n<title>Descubre - CIEP<\/title>\n<meta name=\"robots\" content=\"index, follow, max-snippet:-1, max-image-preview:large, max-video-preview:-1\" \/>\n<link rel=\"canonical\" href=\"https:\/\/ciepplatform.eu\/es\/descubre\/\" \/>\n<meta property=\"og:locale\" content=\"es_ES\" \/>\n<meta property=\"og:type\" content=\"article\" \/>\n<meta property=\"og:title\" content=\"Descubre - CIEP\" \/>\n<meta property=\"og:url\" content=\"https:\/\/ciepplatform.eu\/es\/descubre\/\" \/>\n<meta property=\"og:site_name\" content=\"CIEP\" \/>\n<meta property=\"article:modified_time\" content=\"2024-11-29T12:55:49+00:00\" \/>\n<meta name=\"twitter:card\" content=\"summary_large_image\" \/>\n<script type=\"application\/ld+json\" class=\"yoast-schema-graph\">{\"@context\":\"https:\/\/schema.org\",\"@graph\":[{\"@type\":\"WebPage\",\"@id\":\"https:\/\/ciepplatform.eu\/es\/descubre\/\",\"url\":\"https:\/\/ciepplatform.eu\/es\/descubre\/\",\"name\":\"Descubre - CIEP\",\"isPartOf\":{\"@id\":\"https:\/\/ciepplatform.eu\/es\/#website\"},\"datePublished\":\"2022-12-27T08:40:11+00:00\",\"dateModified\":\"2024-11-29T12:55:49+00:00\",\"breadcrumb\":{\"@id\":\"https:\/\/ciepplatform.eu\/es\/descubre\/#breadcrumb\"},\"inLanguage\":\"es\",\"potentialAction\":[{\"@type\":\"ReadAction\",\"target\":[\"https:\/\/ciepplatform.eu\/es\/descubre\/\"]}]},{\"@type\":\"BreadcrumbList\",\"@id\":\"https:\/\/ciepplatform.eu\/es\/descubre\/#breadcrumb\",\"itemListElement\":[{\"@type\":\"ListItem\",\"position\":1,\"name\":\"Home\",\"item\":\"https:\/\/ciepplatform.eu\/es\/\"},{\"@type\":\"ListItem\",\"position\":2,\"name\":\"Descubre\"}]},{\"@type\":\"WebSite\",\"@id\":\"https:\/\/ciepplatform.eu\/es\/#website\",\"url\":\"https:\/\/ciepplatform.eu\/es\/\",\"name\":\"CIEP\",\"description\":\"Energising Platform\",\"potentialAction\":[{\"@type\":\"SearchAction\",\"target\":{\"@type\":\"EntryPoint\",\"urlTemplate\":\"https:\/\/ciepplatform.eu\/es\/?s={search_term_string}\"},\"query-input\":\"required name=search_term_string\"}],\"inLanguage\":\"es\"}]}<\/script>\n<!-- \/ Yoast SEO plugin. -->","yoast_head_json":{"title":"Descubre - CIEP","robots":{"index":"index","follow":"follow","max-snippet":"max-snippet:-1","max-image-preview":"max-image-preview:large","max-video-preview":"max-video-preview:-1"},"canonical":"https:\/\/ciepplatform.eu\/es\/descubre\/","og_locale":"es_ES","og_type":"article","og_title":"Descubre - CIEP","og_url":"https:\/\/ciepplatform.eu\/es\/descubre\/","og_site_name":"CIEP","article_modified_time":"2024-11-29T12:55:49+00:00","twitter_card":"summary_large_image","schema":{"@context":"https:\/\/schema.org","@graph":[{"@type":"WebPage","@id":"https:\/\/ciepplatform.eu\/es\/descubre\/","url":"https:\/\/ciepplatform.eu\/es\/descubre\/","name":"Descubre - CIEP","isPartOf":{"@id":"https:\/\/ciepplatform.eu\/es\/#website"},"datePublished":"2022-12-27T08:40:11+00:00","dateModified":"2024-11-29T12:55:49+00:00","breadcrumb":{"@id":"https:\/\/ciepplatform.eu\/es\/descubre\/#breadcrumb"},"inLanguage":"es","potentialAction":[{"@type":"ReadAction","target":["https:\/\/ciepplatform.eu\/es\/descubre\/"]}]},{"@type":"BreadcrumbList","@id":"https:\/\/ciepplatform.eu\/es\/descubre\/#breadcrumb","itemListElement":[{"@type":"ListItem","position":1,"name":"Home","item":"https:\/\/ciepplatform.eu\/es\/"},{"@type":"ListItem","position":2,"name":"Descubre"}]},{"@type":"WebSite","@id":"https:\/\/ciepplatform.eu\/es\/#website","url":"https:\/\/ciepplatform.eu\/es\/","name":"CIEP","description":"Energising Platform","potentialAction":[{"@type":"SearchAction","target":{"@type":"EntryPoint","urlTemplate":"https:\/\/ciepplatform.eu\/es\/?s={search_term_string}"},"query-input":"required name=search_term_string"}],"inLanguage":"es"}]}},"_links":{"self":[{"href":"https:\/\/ciepplatform.eu\/es\/wp-json\/wp\/v2\/pages\/1325","targetHints":{"allow":["GET"]}}],"collection":[{"href":"https:\/\/ciepplatform.eu\/es\/wp-json\/wp\/v2\/pages"}],"about":[{"href":"https:\/\/ciepplatform.eu\/es\/wp-json\/wp\/v2\/types\/page"}],"author":[{"embeddable":true,"href":"https:\/\/ciepplatform.eu\/es\/wp-json\/wp\/v2\/users\/1"}],"replies":[{"embeddable":true,"href":"https:\/\/ciepplatform.eu\/es\/wp-json\/wp\/v2\/comments?post=1325"}],"version-history":[{"count":7,"href":"https:\/\/ciepplatform.eu\/es\/wp-json\/wp\/v2\/pages\/1325\/revisions"}],"predecessor-version":[{"id":2037,"href":"https:\/\/ciepplatform.eu\/es\/wp-json\/wp\/v2\/pages\/1325\/revisions\/2037"}],"wp:attachment":[{"href":"https:\/\/ciepplatform.eu\/es\/wp-json\/wp\/v2\/media?parent=1325"}],"curies":[{"name":"wp","href":"https:\/\/api.w.org\/{rel}","templated":true}]}}