{"id":1329,"date":"2022-12-27T08:41:01","date_gmt":"2022-12-27T08:41:01","guid":{"rendered":"https:\/\/ciepplatform.eu\/condiciones-generales\/"},"modified":"2023-06-06T14:52:28","modified_gmt":"2023-06-06T14:52:28","slug":"terms-conditions-disclaimers","status":"publish","type":"page","link":"https:\/\/ciepplatform.eu\/es\/terms-conditions-disclaimers\/","title":{"rendered":"Terms, conditions &#038; disclaimers"},"content":{"rendered":"\n<section class=\"wpb-header wpb-header__subpage wpb-whitespace__medium has_background-image wpb-width__standard wpb-block_2d68b89c975174acff504ad3151361fa\" id=\"wpb-block_2d68b89c975174acff504ad3151361fa\" style=\"background: url(https:\/\/ciepplatform.eu\/wp-content\/uploads\/2023\/06\/Header-over-ons.webp) no-repeat center\/cover;\">\n    <div class=\"container\">\n        <div class=\"inner\">\n            <div class=\"text\">\n                                    <h1 style=\"text-align: center;\">Terms, conditions &amp; disclaimers<\/h1>\n                 \n            <\/div>      \n        <\/div>\n    <\/div>\n<\/section>\n\n\n<section class=\"wpb-text wpb-whitespace__large wpb-bg-color__transparent wpb-width__standard text-align__left wpb-block_a4611918dcbc8641b12563903f61600a\" id=\"wpb-block_a4611918dcbc8641b12563903f61600a\">\n    <div class=\"container\">\n        <div class=\"inner\">            \n            <div class=\"text\">\n                                                        <p>Financiado por la Uni\u00f3n Europea. Las opiniones y puntos de vista expresados solo comprometen a su(s) autor(es) y no reflejan necesariamente los de la Uni\u00f3n Europea o los de la Agencia Ejecutiva Europea de Educaci\u00f3n y Cultura (EACEA). Ni la Uni\u00f3n Europea ni la EACEA pueden ser considerados responsables de ellos.<\/p>\n                \n                                \n            <\/div>\n                    <\/div>\n    <\/div>\n<\/section>","protected":false},"excerpt":{"rendered":"","protected":false},"author":1,"featured_media":0,"parent":0,"menu_order":0,"comment_status":"closed","ping_status":"closed","template":"","meta":{"_acf_changed":false,"footnotes":""},"class_list":["post-1329","page","type-page","status-publish","hentry"],"acf":[],"yoast_head":"<!-- This site is optimized with the Yoast SEO plugin v22.1 - https:\/\/yoast.com\/wordpress\/plugins\/seo\/ -->\n<title>Terms, conditions &amp; disclaimers - CIEP<\/title>\n<meta name=\"robots\" content=\"index, follow, max-snippet:-1, max-image-preview:large, max-video-preview:-1\" \/>\n<link rel=\"canonical\" href=\"https:\/\/ciepplatform.eu\/es\/terms-conditions-disclaimers\/\" \/>\n<meta property=\"og:locale\" content=\"es_ES\" \/>\n<meta property=\"og:type\" content=\"article\" \/>\n<meta property=\"og:title\" content=\"Terms, conditions &amp; disclaimers - CIEP\" \/>\n<meta property=\"og:url\" content=\"https:\/\/ciepplatform.eu\/es\/terms-conditions-disclaimers\/\" \/>\n<meta property=\"og:site_name\" content=\"CIEP\" \/>\n<meta property=\"article:modified_time\" content=\"2023-06-06T14:52:28+00:00\" \/>\n<meta name=\"twitter:card\" content=\"summary_large_image\" \/>\n<script type=\"application\/ld+json\" class=\"yoast-schema-graph\">{\"@context\":\"https:\/\/schema.org\",\"@graph\":[{\"@type\":\"WebPage\",\"@id\":\"https:\/\/ciepplatform.eu\/es\/terms-conditions-disclaimers\/\",\"url\":\"https:\/\/ciepplatform.eu\/es\/terms-conditions-disclaimers\/\",\"name\":\"Terms, conditions & disclaimers - CIEP\",\"isPartOf\":{\"@id\":\"https:\/\/ciepplatform.eu\/es\/#website\"},\"datePublished\":\"2022-12-27T08:41:01+00:00\",\"dateModified\":\"2023-06-06T14:52:28+00:00\",\"breadcrumb\":{\"@id\":\"https:\/\/ciepplatform.eu\/es\/terms-conditions-disclaimers\/#breadcrumb\"},\"inLanguage\":\"es\",\"potentialAction\":[{\"@type\":\"ReadAction\",\"target\":[\"https:\/\/ciepplatform.eu\/es\/terms-conditions-disclaimers\/\"]}]},{\"@type\":\"BreadcrumbList\",\"@id\":\"https:\/\/ciepplatform.eu\/es\/terms-conditions-disclaimers\/#breadcrumb\",\"itemListElement\":[{\"@type\":\"ListItem\",\"position\":1,\"name\":\"Home\",\"item\":\"https:\/\/ciepplatform.eu\/es\/\"},{\"@type\":\"ListItem\",\"position\":2,\"name\":\"Terms, conditions &#038; disclaimers\"}]},{\"@type\":\"WebSite\",\"@id\":\"https:\/\/ciepplatform.eu\/es\/#website\",\"url\":\"https:\/\/ciepplatform.eu\/es\/\",\"name\":\"CIEP\",\"description\":\"Energising Platform\",\"potentialAction\":[{\"@type\":\"SearchAction\",\"target\":{\"@type\":\"EntryPoint\",\"urlTemplate\":\"https:\/\/ciepplatform.eu\/es\/?s={search_term_string}\"},\"query-input\":\"required name=search_term_string\"}],\"inLanguage\":\"es\"}]}<\/script>\n<!-- \/ Yoast SEO plugin. -->","yoast_head_json":{"title":"Terms, conditions & disclaimers - CIEP","robots":{"index":"index","follow":"follow","max-snippet":"max-snippet:-1","max-image-preview":"max-image-preview:large","max-video-preview":"max-video-preview:-1"},"canonical":"https:\/\/ciepplatform.eu\/es\/terms-conditions-disclaimers\/","og_locale":"es_ES","og_type":"article","og_title":"Terms, conditions & disclaimers - CIEP","og_url":"https:\/\/ciepplatform.eu\/es\/terms-conditions-disclaimers\/","og_site_name":"CIEP","article_modified_time":"2023-06-06T14:52:28+00:00","twitter_card":"summary_large_image","schema":{"@context":"https:\/\/schema.org","@graph":[{"@type":"WebPage","@id":"https:\/\/ciepplatform.eu\/es\/terms-conditions-disclaimers\/","url":"https:\/\/ciepplatform.eu\/es\/terms-conditions-disclaimers\/","name":"Terms, conditions & disclaimers - CIEP","isPartOf":{"@id":"https:\/\/ciepplatform.eu\/es\/#website"},"datePublished":"2022-12-27T08:41:01+00:00","dateModified":"2023-06-06T14:52:28+00:00","breadcrumb":{"@id":"https:\/\/ciepplatform.eu\/es\/terms-conditions-disclaimers\/#breadcrumb"},"inLanguage":"es","potentialAction":[{"@type":"ReadAction","target":["https:\/\/ciepplatform.eu\/es\/terms-conditions-disclaimers\/"]}]},{"@type":"BreadcrumbList","@id":"https:\/\/ciepplatform.eu\/es\/terms-conditions-disclaimers\/#breadcrumb","itemListElement":[{"@type":"ListItem","position":1,"name":"Home","item":"https:\/\/ciepplatform.eu\/es\/"},{"@type":"ListItem","position":2,"name":"Terms, conditions &#038; disclaimers"}]},{"@type":"WebSite","@id":"https:\/\/ciepplatform.eu\/es\/#website","url":"https:\/\/ciepplatform.eu\/es\/","name":"CIEP","description":"Energising Platform","potentialAction":[{"@type":"SearchAction","target":{"@type":"EntryPoint","urlTemplate":"https:\/\/ciepplatform.eu\/es\/?s={search_term_string}"},"query-input":"required name=search_term_string"}],"inLanguage":"es"}]}},"_links":{"self":[{"href":"https:\/\/ciepplatform.eu\/es\/wp-json\/wp\/v2\/pages\/1329","targetHints":{"allow":["GET"]}}],"collection":[{"href":"https:\/\/ciepplatform.eu\/es\/wp-json\/wp\/v2\/pages"}],"about":[{"href":"https:\/\/ciepplatform.eu\/es\/wp-json\/wp\/v2\/types\/page"}],"author":[{"embeddable":true,"href":"https:\/\/ciepplatform.eu\/es\/wp-json\/wp\/v2\/users\/1"}],"replies":[{"embeddable":true,"href":"https:\/\/ciepplatform.eu\/es\/wp-json\/wp\/v2\/comments?post=1329"}],"version-history":[{"count":5,"href":"https:\/\/ciepplatform.eu\/es\/wp-json\/wp\/v2\/pages\/1329\/revisions"}],"predecessor-version":[{"id":1481,"href":"https:\/\/ciepplatform.eu\/es\/wp-json\/wp\/v2\/pages\/1329\/revisions\/1481"}],"wp:attachment":[{"href":"https:\/\/ciepplatform.eu\/es\/wp-json\/wp\/v2\/media?parent=1329"}],"curies":[{"name":"wp","href":"https:\/\/api.w.org\/{rel}","templated":true}]}}